{"id":54,"date":"2015-02-24T10:26:27","date_gmt":"2015-02-24T10:26:27","guid":{"rendered":"https:\/\/wowm.org\/csdvu\/?page_id=54"},"modified":"2021-02-25T07:32:41","modified_gmt":"2021-02-25T07:32:41","slug":"nagrade","status":"publish","type":"page","link":"https:\/\/wowm.org\/csdvu\/nagrade\/","title":{"rendered":"Nagrade i rezidencije"},"content":{"rendered":"<p><strong>WAAP<\/strong><\/p>\n<p>Nagrada Vocento ARCO Art Fair Madrid 2010 za WAAP prijedlog natje\u010daja Art of Exhibiting Art Online 2.0<\/p>\n<p><a href=\"https:\/\/www.vocento.com\/la-propuesta-waap-del-colectivo-croata-csdva-es-la-ganadora-del-ii-concurso-de-ideas-de-arte-2-0-de-vocento\/\" target=\"_blank\" rel=\"noopener\">https:\/\/www.vocento.com\/la-propuesta-waap-del-colectivo-croata-csdva-es-la-ganadora-del-ii-concurso-de-ideas-de-arte-2-0-de-vocento\/<\/a><\/p>\n<blockquote class=\"wp-embedded-content\" data-secret=\"tM8yoJQsCg\"><p><a href=\"https:\/\/www.vocento.com\/la-propuesta-waap-del-colectivo-croata-csdva-es-la-ganadora-del-ii-concurso-de-ideas-de-arte-2-0-de-vocento\/\">La propuesta WAAP del colectivo croata CSDVA es la ganadora del II concurso de ideas de arte 2.0 de Vocento<\/a><\/p><\/blockquote>\n<p><iframe loading=\"lazy\" class=\"wp-embedded-content\" sandbox=\"allow-scripts\" security=\"restricted\" style=\"position: absolute; clip: rect(1px, 1px, 1px, 1px);\" title=\"\u00abLa propuesta WAAP del colectivo croata CSDVA es la ganadora del II concurso de ideas de arte 2.0 de Vocento\u00bb \u2014 Vocento.com\" src=\"https:\/\/www.vocento.com\/la-propuesta-waap-del-colectivo-croata-csdva-es-la-ganadora-del-ii-concurso-de-ideas-de-arte-2-0-de-vocento\/embed\/#?secret=1ZnYJqeRxj#?secret=tM8yoJQsCg\" data-secret=\"tM8yoJQsCg\" width=\"600\" height=\"338\" frameborder=\"0\" marginwidth=\"0\" marginheight=\"0\" scrolling=\"no\"><\/iframe><\/p>\n<p>&nbsp;<\/p>\n<p><strong>INTERACTIVOS &#8217;12 DUBLIN<\/strong><\/p>\n<p>Kreativno pristupaju\u0107i rje\u0161avanju problema iz stvarnog svijeta, Interactivos &#8217;12 bila je dvotjedna radionica na kojoj su sudionici iz cijele Europe sura\u0111ivali u razvijanju ideja koje su se kretale od sadnje gerilskih vrtova &#8220;sjemenskim bombama&#8221; do pretvaranja kanta za recikliranje u javnu umjetnost.<\/p>\n<p>Jedan od timova na Interctivos 12 bio je CSDVU sa Martinom Kalogjera kao predstavnicom.<\/p>\n<p>Pogledajte rezultate radionice i upoznajte znanstvenike i umjetnike koji stoje iza njih. <a href=\"https:\/\/www.youtube.com\/watch?v=jQRlfwDdqDI\" target=\"_blank\" rel=\"noopener\">https:\/\/www.youtube.com\/watch?v=jQRlfwDdqDI<\/a><\/p>\n<p>Interactivos &#8217;12 dio je velike nove europske inicijative nazvane Studiolab, trogodi\u0161njeg projekta koji spaja umjetnikov studio s istra\u017eiva\u010dkim laboratorijem. Radionica je do danas najve\u0107a inicijativa Studiolaba u Irskoj, a preko 30 sudionika iz cijelog svijeta radi u \u0161est timova na razvoju projekata.<\/p>\n<p>&nbsp;<\/p>\n<p><strong>BRAF<\/strong><\/p>\n<p>Nagrada Black Rock Arts Fundacije za\u00a0 instalaciju u javnom prostoru \u201e24 zvu\u010dnih cilindara\u201c<\/p>\n<p>Zvu\u010dna instalacija 24 zvu\u010dna cilindra, u produkciji CSDVU, \u00a0bila je izlo\u017eena na Zemlji bez granica 2014. u Osijeku, od 25. do 30. kolovoza 2014.<\/p>\n<p>U parku Drvengrad izlo\u017eba je pokrenuta sve\u010danim otvaranjem zami\u0161ljenih vrata u Zemlju bez granica uz zvuk gonga. Ovaj jedinstveni doga\u0111aj ugostio je preko tisu\u0107u djece i pozvao \u010dlanove osje\u010dke zajednice svih dobnih skupina da ponovno pro\u017eive svoje dje\u010dje snove. Zvu\u010dni cilindri odsvirali su svoje glazbene tonove za preko tri tisu\u0107e sudionika koji su posjetili festival.<\/p>\n<p><a href=\"http:\/\/blackrockarts.org\/2014\/09\/braf-newsletter-october-2014\" target=\"_blank\" rel=\"noopener\">http:\/\/blackrockarts.org\/2014\/09\/braf-newsletter-october-2014<\/a><\/p>\n<p>&nbsp;<\/p>\n<p><strong>ALF<\/strong><\/p>\n<p>Sudjelovanje CSDVU na kongresu &#8220;Obrazovanje za interkulturalno gra\u0111anstvo \/ Education for Intercultural Citizenship&#8221; Anna Lindh Fundacije na Rodosu, 2009.<\/p>\n<p><a href=\"https:\/\/www.annalindhfoundation.org\/members\/house-europe-rhodes\">https:\/\/www.annalindhfoundation.org\/members\/house-europe-rhodes<\/a><\/p>\n<p><a href=\"https:\/\/www.annalindhfoundation.org\/sites\/default\/files\/documents\/page\/interno_alf_review_0.pdf\">https:\/\/www.annalindhfoundation.org\/sites\/default\/files\/documents\/page\/interno_alf_review_0.pdf<\/a><\/p>\n<p>Rad u grupi za edukaciju, stvaranje smjernica za poticanje medjukulturalnog dijaloga na konkretnim primjerima zemalja mediteranskog podrru\u010dja.<\/p>\n","protected":false},"excerpt":{"rendered":"<p>WAAP Nagrada Vocento ARCO Art Fair Madrid 2010 za WAAP prijedlog natje\u010daja Art of Exhibiting Art Online 2.0 https:\/\/www.vocento.com\/la-propuesta-waap-del-colectivo-croata-csdva-es-la-ganadora-del-ii-concurso-de-ideas-de-arte-2-0-de-vocento\/ La propuesta WAAP del colectivo croata CSDVA es la&#8230;<\/p>\n","protected":false},"author":1,"featured_media":58,"parent":0,"menu_order":0,"comment_status":"closed","ping_status":"closed","template":"","meta":{"footnotes":""},"class_list":["post-54","page","type-page","status-publish","has-post-thumbnail","hentry"],"_links":{"self":[{"href":"https:\/\/wowm.org\/csdvu\/wp-json\/wp\/v2\/pages\/54","targetHints":{"allow":["GET"]}}],"collection":[{"href":"https:\/\/wowm.org\/csdvu\/wp-json\/wp\/v2\/pages"}],"about":[{"href":"https:\/\/wowm.org\/csdvu\/wp-json\/wp\/v2\/types\/page"}],"author":[{"embeddable":true,"href":"https:\/\/wowm.org\/csdvu\/wp-json\/wp\/v2\/users\/1"}],"replies":[{"embeddable":true,"href":"https:\/\/wowm.org\/csdvu\/wp-json\/wp\/v2\/comments?post=54"}],"version-history":[{"count":7,"href":"https:\/\/wowm.org\/csdvu\/wp-json\/wp\/v2\/pages\/54\/revisions"}],"predecessor-version":[{"id":84,"href":"https:\/\/wowm.org\/csdvu\/wp-json\/wp\/v2\/pages\/54\/revisions\/84"}],"wp:featuredmedia":[{"embeddable":true,"href":"https:\/\/wowm.org\/csdvu\/wp-json\/wp\/v2\/media\/58"}],"wp:attachment":[{"href":"https:\/\/wowm.org\/csdvu\/wp-json\/wp\/v2\/media?parent=54"}],"curies":[{"name":"wp","href":"https:\/\/api.w.org\/{rel}","templated":true}]}}